{"id":757,"date":"2022-07-20T13:48:58","date_gmt":"2022-07-20T13:48:58","guid":{"rendered":"https:\/\/improvizafond.fr\/?page_id=757"},"modified":"2025-10-11T20:31:24","modified_gmt":"2025-10-11T20:31:24","slug":"mentions-legales","status":"publish","type":"page","link":"https:\/\/improvizafond.fr\/?page_id=757","title":{"rendered":"Mentions l\u00e9gales"},"content":{"rendered":"\t\t<div data-elementor-type=\"wp-page\" data-elementor-id=\"757\" class=\"elementor elementor-757\">\n\t\t\t\t\t\t<section class=\"elementor-section elementor-top-section elementor-element elementor-element-3d26e0c elementor-section-boxed elementor-section-height-default elementor-section-height-default\" data-id=\"3d26e0c\" data-element_type=\"section\">\n\t\t\t\t\t\t<div class=\"elementor-container elementor-column-gap-default\">\n\t\t\t\t\t<div class=\"elementor-column elementor-col-100 elementor-top-column elementor-element elementor-element-ae3af35\" data-id=\"ae3af35\" data-element_type=\"column\">\n\t\t\t<div class=\"elementor-widget-wrap elementor-element-populated\">\n\t\t\t\t\t\t<div class=\"elementor-element elementor-element-e71046e elementor-widget elementor-widget-text-editor\" data-id=\"e71046e\" data-element_type=\"widget\" data-widget_type=\"text-editor.default\">\n\t\t\t\t<div class=\"elementor-widget-container\">\n\t\t\t\t\t\t\t\t\t<p>IMPROVIZ&rsquo; \u00c0 FOND &#8211; Ligue d&rsquo;improvisation de Sin le Noble<br \/><span style=\"font-size: 14px; color: var( --e-global-color-text );\">association loi 1901 n\u00b0 W621005761<\/span><\/p><p>Licences de spectacles L-D-24-5444 &amp; L-D-24-5830<\/p><p style=\"font-size: 13px; line-height: 1.7em;\"><span style=\"font-size: 13px;\"><span style=\"letter-spacing: 0.1em;\">Les photos ou vid\u00e9os de ce site internet sont la propri\u00e9t\u00e9 d&rsquo;IMPROVIZ&rsquo; \u00c0 FOND et sont fournies par de <\/span><\/span><span style=\"font-size: 13px; letter-spacing: 0.1em; color: var( --e-global-color-text );\">MichL, David D., @Baptoutonpref, les Instantan\u00e9s, IAF, AVEC l&rsquo;aimable autorisation des Instantan\u00e9s<\/span><\/p>\t\t\t\t\t\t\t\t<\/div>\n\t\t\t\t<\/div>\n\t\t\t\t\t<\/div>\n\t\t<\/div>\n\t\t\t\t\t<\/div>\n\t\t<\/section>\n\t\t\t\t<section class=\"elementor-section elementor-top-section elementor-element elementor-element-28c3adb elementor-section-boxed elementor-section-height-default elementor-section-height-default\" data-id=\"28c3adb\" data-element_type=\"section\">\n\t\t\t\t\t\t<div class=\"elementor-container elementor-column-gap-default\">\n\t\t\t\t\t<div class=\"elementor-column elementor-col-100 elementor-top-column elementor-element elementor-element-e08b13e\" data-id=\"e08b13e\" data-element_type=\"column\">\n\t\t\t<div class=\"elementor-widget-wrap elementor-element-populated\">\n\t\t\t\t\t\t<div class=\"elementor-element elementor-element-db5d7a2 elementor-widget elementor-widget-heading\" data-id=\"db5d7a2\" data-element_type=\"widget\" data-widget_type=\"heading.default\">\n\t\t\t\t<div class=\"elementor-widget-container\">\n\t\t\t\t\t<h2 class=\"elementor-heading-title elementor-size-default\">Protections des donn\u00e9es<\/h2>\t\t\t\t<\/div>\n\t\t\t\t<\/div>\n\t\t\t\t\t<\/div>\n\t\t<\/div>\n\t\t\t\t\t<\/div>\n\t\t<\/section>\n\t\t\t\t<section class=\"elementor-section elementor-top-section elementor-element elementor-element-8ccabce elementor-section-boxed elementor-section-height-default elementor-section-height-default\" data-id=\"8ccabce\" data-element_type=\"section\">\n\t\t\t\t\t\t<div class=\"elementor-container elementor-column-gap-default\">\n\t\t\t\t\t<div class=\"elementor-column elementor-col-100 elementor-top-column elementor-element elementor-element-5f2aa1f\" data-id=\"5f2aa1f\" data-element_type=\"column\">\n\t\t\t<div class=\"elementor-widget-wrap elementor-element-populated\">\n\t\t\t\t\t\t<div class=\"elementor-element elementor-element-f5df064 elementor-widget elementor-widget-text-editor\" data-id=\"f5df064\" data-element_type=\"widget\" data-widget_type=\"text-editor.default\">\n\t\t\t\t<div class=\"elementor-widget-container\">\n\t\t\t\t\t\t\t\t\t<p class=\"font_8\">Do<i>n<\/i>n\u00e9es rec<i>ueillies :<\/i><br \/>Les donn\u00e9es suivantes sont recueillies avec votre accord : Nom, pr\u00e9nom, adresse mail, adresse postale, ann\u00e9e de naissance.<\/p><p class=\"font_8\">Fi<i>nalit\u00e9s du traitement :<\/i><br \/>Ces donn\u00e9es sont recueillies en vue de tenir \u00e0 jour notre fichier d&rsquo;adh\u00e9rents et si vous le souhaitez (c&rsquo;est-\u00e0-dire si vous avez coch\u00e9 la case l&rsquo;acceptant), recevoir notre newsletter. En aucun cas ces donn\u00e9es ne seront c\u00e9d\u00e9es ou vendues \u00e0 des tiers.<\/p><p class=\"font_8\"><i>Responsable du traitement :<\/i><br \/>improvizafond@gmail.com<\/p><p class=\"font_8\"><span style=\"font-size: 14px; color: var( --e-global-color-text );\">D<i>estinataire des donn\u00e9es :<\/i><br \/><\/span><span style=\"color: var( --e-global-color-text ); font-size: 14px;\">Les membres du bureau ont acc\u00e8s \u00e0 la liste des adh\u00e9rents.<\/span><\/p><p class=\"font_8\">Droi<i>t d&rsquo;acc\u00e8s et de rectification :<\/i><br \/>Vous pouvez, en vertu du R\u00e8glement europ\u00e9en sur la protection des donn\u00e9es personnelles, en vigueur depuis le 25\/05\/2018, avoir acc\u00e8s aux donn\u00e9es vous concernant ; vous pouvez demander leur rectification et leur suppression. Ces d\u00e9marches s&rsquo;effectuent aupr\u00e8s du pr\u00e9sident de l&rsquo;association,\u00a0 improvizafond@gmail.com<\/p><p class=\"font_8\"><i>Conservation des donn\u00e9es :<\/i><br \/>Les donn\u00e9es sont conserv\u00e9es jusqu&rsquo;\u00e0 trois ans apr\u00e8s la fin de votre adh\u00e9sion ou jusqu&rsquo;\u00e0 votre d\u00e9sabonnement \u00e0 notre newsletter si cet abonnement se poursuit malgr\u00e9 votre non r\u00e9-adh\u00e9sion.<\/p>\t\t\t\t\t\t\t\t<\/div>\n\t\t\t\t<\/div>\n\t\t\t\t\t<\/div>\n\t\t<\/div>\n\t\t\t\t\t<\/div>\n\t\t<\/section>\n\t\t\t\t<\/div>\n\t\t","protected":false},"excerpt":{"rendered":"<p>IMPROVIZ&rsquo; \u00c0 FOND &#8211; Ligue d&rsquo;improvisation de Sin le Nobleassociation loi 1901 n\u00b0 W621005761 Licences de spectacles L-D-24-5444 &amp; L-D-24-5830 Les photos ou vid\u00e9os de ce site internet sont la propri\u00e9t\u00e9 d&rsquo;IMPROVIZ&rsquo; \u00c0 FOND et sont fournies par de MichL, David D., @Baptoutonpref, les Instantan\u00e9s, IAF, AVEC l&rsquo;aimable autorisation des Instantan\u00e9s Protections des donn\u00e9es Donn\u00e9es [&hellip;]<\/p>\n","protected":false},"author":1,"featured_media":1432,"parent":0,"menu_order":0,"comment_status":"closed","ping_status":"closed","template":"","meta":{"footnotes":""},"yoast_head":"<!-- This site is optimized with the Yoast SEO plugin v24.5 - https:\/\/yoast.com\/wordpress\/plugins\/seo\/ -->\n<title>Mentions l\u00e9gales - ImprovizaFond<\/title>\n<meta name=\"description\" content=\"Mentions l\u00e9gales concernant l&#039;association IMPROVIZ&#039; \u00c0 FOND. C&#039;est obligatoire mais personne ne s&#039;y int\u00e9resse...\" \/>\n<meta name=\"robots\" content=\"index, follow, max-snippet:-1, max-image-preview:large, max-video-preview:-1\" \/>\n<link rel=\"canonical\" href=\"https:\/\/improvizafond.fr\/?page_id=757\" \/>\n<meta property=\"og:locale\" content=\"fr_FR\" \/>\n<meta property=\"og:type\" content=\"article\" \/>\n<meta property=\"og:title\" content=\"Mentions l\u00e9gales - ImprovizaFond\" \/>\n<meta property=\"og:description\" content=\"Mentions l\u00e9gales concernant l&#039;association IMPROVIZ&#039; \u00c0 FOND. C&#039;est obligatoire mais personne ne s&#039;y int\u00e9resse...\" \/>\n<meta property=\"og:url\" content=\"https:\/\/improvizafond.fr\/?page_id=757\" \/>\n<meta property=\"og:site_name\" content=\"ImprovizaFond\" \/>\n<meta property=\"article:modified_time\" content=\"2025-10-11T20:31:24+00:00\" \/>\n<meta property=\"og:image\" content=\"https:\/\/improvizafond.fr\/wp-content\/uploads\/2022\/07\/pexels-karolina-grabowska-6028523-scaled.jpg\" \/>\n\t<meta property=\"og:image:width\" content=\"2560\" \/>\n\t<meta property=\"og:image:height\" content=\"1707\" \/>\n\t<meta property=\"og:image:type\" content=\"image\/jpeg\" \/>\n<meta name=\"twitter:card\" content=\"summary_large_image\" \/>\n<meta name=\"twitter:label1\" content=\"Dur\u00e9e de lecture estim\u00e9e\" \/>\n\t<meta name=\"twitter:data1\" content=\"2 minutes\" \/>\n<script type=\"application\/ld+json\" class=\"yoast-schema-graph\">{\"@context\":\"https:\/\/schema.org\",\"@graph\":[{\"@type\":\"WebPage\",\"@id\":\"https:\/\/improvizafond.fr\/?page_id=757\",\"url\":\"https:\/\/improvizafond.fr\/?page_id=757\",\"name\":\"Mentions l\u00e9gales - ImprovizaFond\",\"isPartOf\":{\"@id\":\"https:\/\/improvizafond.fr\/#website\"},\"primaryImageOfPage\":{\"@id\":\"https:\/\/improvizafond.fr\/?page_id=757#primaryimage\"},\"image\":{\"@id\":\"https:\/\/improvizafond.fr\/?page_id=757#primaryimage\"},\"thumbnailUrl\":\"https:\/\/improvizafond.fr\/wp-content\/uploads\/2022\/07\/pexels-karolina-grabowska-6028523-scaled.jpg\",\"datePublished\":\"2022-07-20T13:48:58+00:00\",\"dateModified\":\"2025-10-11T20:31:24+00:00\",\"description\":\"Mentions l\u00e9gales concernant l'association IMPROVIZ' \u00c0 FOND. C'est obligatoire mais personne ne s'y int\u00e9resse...\",\"breadcrumb\":{\"@id\":\"https:\/\/improvizafond.fr\/?page_id=757#breadcrumb\"},\"inLanguage\":\"fr-FR\",\"potentialAction\":[{\"@type\":\"ReadAction\",\"target\":[\"https:\/\/improvizafond.fr\/?page_id=757\"]}]},{\"@type\":\"ImageObject\",\"inLanguage\":\"fr-FR\",\"@id\":\"https:\/\/improvizafond.fr\/?page_id=757#primaryimage\",\"url\":\"https:\/\/improvizafond.fr\/wp-content\/uploads\/2022\/07\/pexels-karolina-grabowska-6028523-scaled.jpg\",\"contentUrl\":\"https:\/\/improvizafond.fr\/wp-content\/uploads\/2022\/07\/pexels-karolina-grabowska-6028523-scaled.jpg\",\"width\":2560,\"height\":1707,\"caption\":\"Mentions l\u00e9gales\"},{\"@type\":\"BreadcrumbList\",\"@id\":\"https:\/\/improvizafond.fr\/?page_id=757#breadcrumb\",\"itemListElement\":[{\"@type\":\"ListItem\",\"position\":1,\"name\":\"Accueil\",\"item\":\"https:\/\/improvizafond.fr\/\"},{\"@type\":\"ListItem\",\"position\":2,\"name\":\"Mentions l\u00e9gales\"}]},{\"@type\":\"WebSite\",\"@id\":\"https:\/\/improvizafond.fr\/#website\",\"url\":\"https:\/\/improvizafond.fr\/\",\"name\":\"ImprovizaFond\",\"description\":\"Improvise ta vie!\",\"publisher\":{\"@id\":\"https:\/\/improvizafond.fr\/#organization\"},\"potentialAction\":[{\"@type\":\"SearchAction\",\"target\":{\"@type\":\"EntryPoint\",\"urlTemplate\":\"https:\/\/improvizafond.fr\/?s={search_term_string}\"},\"query-input\":{\"@type\":\"PropertyValueSpecification\",\"valueRequired\":true,\"valueName\":\"search_term_string\"}}],\"inLanguage\":\"fr-FR\"},{\"@type\":\"Organization\",\"@id\":\"https:\/\/improvizafond.fr\/#organization\",\"name\":\"ImprovizaFond\",\"url\":\"https:\/\/improvizafond.fr\/\",\"logo\":{\"@type\":\"ImageObject\",\"inLanguage\":\"fr-FR\",\"@id\":\"https:\/\/improvizafond.fr\/#\/schema\/logo\/image\/\",\"url\":\"https:\/\/improvizafond.fr\/wp-content\/uploads\/2022\/07\/cropped-IAF_Logo_V3-2-1.png\",\"contentUrl\":\"https:\/\/improvizafond.fr\/wp-content\/uploads\/2022\/07\/cropped-IAF_Logo_V3-2-1.png\",\"width\":3508,\"height\":2481,\"caption\":\"ImprovizaFond\"},\"image\":{\"@id\":\"https:\/\/improvizafond.fr\/#\/schema\/logo\/image\/\"}}]}<\/script>\n<!-- \/ Yoast SEO plugin. -->","yoast_head_json":{"title":"Mentions l\u00e9gales - ImprovizaFond","description":"Mentions l\u00e9gales concernant l'association IMPROVIZ' \u00c0 FOND. C'est obligatoire mais personne ne s'y int\u00e9resse...","robots":{"index":"index","follow":"follow","max-snippet":"max-snippet:-1","max-image-preview":"max-image-preview:large","max-video-preview":"max-video-preview:-1"},"canonical":"https:\/\/improvizafond.fr\/?page_id=757","og_locale":"fr_FR","og_type":"article","og_title":"Mentions l\u00e9gales - ImprovizaFond","og_description":"Mentions l\u00e9gales concernant l'association IMPROVIZ' \u00c0 FOND. C'est obligatoire mais personne ne s'y int\u00e9resse...","og_url":"https:\/\/improvizafond.fr\/?page_id=757","og_site_name":"ImprovizaFond","article_modified_time":"2025-10-11T20:31:24+00:00","og_image":[{"width":2560,"height":1707,"url":"https:\/\/improvizafond.fr\/wp-content\/uploads\/2022\/07\/pexels-karolina-grabowska-6028523-scaled.jpg","type":"image\/jpeg"}],"twitter_card":"summary_large_image","twitter_misc":{"Dur\u00e9e de lecture estim\u00e9e":"2 minutes"},"schema":{"@context":"https:\/\/schema.org","@graph":[{"@type":"WebPage","@id":"https:\/\/improvizafond.fr\/?page_id=757","url":"https:\/\/improvizafond.fr\/?page_id=757","name":"Mentions l\u00e9gales - ImprovizaFond","isPartOf":{"@id":"https:\/\/improvizafond.fr\/#website"},"primaryImageOfPage":{"@id":"https:\/\/improvizafond.fr\/?page_id=757#primaryimage"},"image":{"@id":"https:\/\/improvizafond.fr\/?page_id=757#primaryimage"},"thumbnailUrl":"https:\/\/improvizafond.fr\/wp-content\/uploads\/2022\/07\/pexels-karolina-grabowska-6028523-scaled.jpg","datePublished":"2022-07-20T13:48:58+00:00","dateModified":"2025-10-11T20:31:24+00:00","description":"Mentions l\u00e9gales concernant l'association IMPROVIZ' \u00c0 FOND. C'est obligatoire mais personne ne s'y int\u00e9resse...","breadcrumb":{"@id":"https:\/\/improvizafond.fr\/?page_id=757#breadcrumb"},"inLanguage":"fr-FR","potentialAction":[{"@type":"ReadAction","target":["https:\/\/improvizafond.fr\/?page_id=757"]}]},{"@type":"ImageObject","inLanguage":"fr-FR","@id":"https:\/\/improvizafond.fr\/?page_id=757#primaryimage","url":"https:\/\/improvizafond.fr\/wp-content\/uploads\/2022\/07\/pexels-karolina-grabowska-6028523-scaled.jpg","contentUrl":"https:\/\/improvizafond.fr\/wp-content\/uploads\/2022\/07\/pexels-karolina-grabowska-6028523-scaled.jpg","width":2560,"height":1707,"caption":"Mentions l\u00e9gales"},{"@type":"BreadcrumbList","@id":"https:\/\/improvizafond.fr\/?page_id=757#breadcrumb","itemListElement":[{"@type":"ListItem","position":1,"name":"Accueil","item":"https:\/\/improvizafond.fr\/"},{"@type":"ListItem","position":2,"name":"Mentions l\u00e9gales"}]},{"@type":"WebSite","@id":"https:\/\/improvizafond.fr\/#website","url":"https:\/\/improvizafond.fr\/","name":"ImprovizaFond","description":"Improvise ta vie!","publisher":{"@id":"https:\/\/improvizafond.fr\/#organization"},"potentialAction":[{"@type":"SearchAction","target":{"@type":"EntryPoint","urlTemplate":"https:\/\/improvizafond.fr\/?s={search_term_string}"},"query-input":{"@type":"PropertyValueSpecification","valueRequired":true,"valueName":"search_term_string"}}],"inLanguage":"fr-FR"},{"@type":"Organization","@id":"https:\/\/improvizafond.fr\/#organization","name":"ImprovizaFond","url":"https:\/\/improvizafond.fr\/","logo":{"@type":"ImageObject","inLanguage":"fr-FR","@id":"https:\/\/improvizafond.fr\/#\/schema\/logo\/image\/","url":"https:\/\/improvizafond.fr\/wp-content\/uploads\/2022\/07\/cropped-IAF_Logo_V3-2-1.png","contentUrl":"https:\/\/improvizafond.fr\/wp-content\/uploads\/2022\/07\/cropped-IAF_Logo_V3-2-1.png","width":3508,"height":2481,"caption":"ImprovizaFond"},"image":{"@id":"https:\/\/improvizafond.fr\/#\/schema\/logo\/image\/"}}]}},"_links":{"self":[{"href":"https:\/\/improvizafond.fr\/index.php?rest_route=\/wp\/v2\/pages\/757"}],"collection":[{"href":"https:\/\/improvizafond.fr\/index.php?rest_route=\/wp\/v2\/pages"}],"about":[{"href":"https:\/\/improvizafond.fr\/index.php?rest_route=\/wp\/v2\/types\/page"}],"author":[{"embeddable":true,"href":"https:\/\/improvizafond.fr\/index.php?rest_route=\/wp\/v2\/users\/1"}],"replies":[{"embeddable":true,"href":"https:\/\/improvizafond.fr\/index.php?rest_route=%2Fwp%2Fv2%2Fcomments&post=757"}],"version-history":[{"count":49,"href":"https:\/\/improvizafond.fr\/index.php?rest_route=\/wp\/v2\/pages\/757\/revisions"}],"predecessor-version":[{"id":3156,"href":"https:\/\/improvizafond.fr\/index.php?rest_route=\/wp\/v2\/pages\/757\/revisions\/3156"}],"wp:featuredmedia":[{"embeddable":true,"href":"https:\/\/improvizafond.fr\/index.php?rest_route=\/wp\/v2\/media\/1432"}],"wp:attachment":[{"href":"https:\/\/improvizafond.fr\/index.php?rest_route=%2Fwp%2Fv2%2Fmedia&parent=757"}],"curies":[{"name":"wp","href":"https:\/\/api.w.org\/{rel}","templated":true}]}}