{"id":753,"date":"2022-07-16T08:55:11","date_gmt":"2022-07-16T08:55:11","guid":{"rendered":"https:\/\/improvizafond.fr\/?page_id=753"},"modified":"2025-06-27T13:17:47","modified_gmt":"2025-06-27T13:17:47","slug":"telechargements","status":"publish","type":"page","link":"https:\/\/improvizafond.fr\/?page_id=753","title":{"rendered":"T\u00e9l\u00e9chargements"},"content":{"rendered":"\t\t<div data-elementor-type=\"wp-page\" data-elementor-id=\"753\" class=\"elementor elementor-753\">\n\t\t\t\t\t\t<section class=\"elementor-section elementor-top-section elementor-element elementor-element-d0db839 elementor-section-boxed elementor-section-height-default elementor-section-height-default\" data-id=\"d0db839\" data-element_type=\"section\">\n\t\t\t\t\t\t<div class=\"elementor-container elementor-column-gap-default\">\n\t\t\t\t\t<div class=\"elementor-column elementor-col-100 elementor-top-column elementor-element elementor-element-3df85dc\" data-id=\"3df85dc\" data-element_type=\"column\">\n\t\t\t<div class=\"elementor-widget-wrap elementor-element-populated\">\n\t\t\t\t\t\t<div class=\"elementor-element elementor-element-f88a682 elementor-widget elementor-widget-spacer\" data-id=\"f88a682\" data-element_type=\"widget\" data-widget_type=\"spacer.default\">\n\t\t\t\t<div class=\"elementor-widget-container\">\n\t\t\t\t\t\t\t<div class=\"elementor-spacer\">\n\t\t\t<div class=\"elementor-spacer-inner\"><\/div>\n\t\t<\/div>\n\t\t\t\t\t\t<\/div>\n\t\t\t\t<\/div>\n\t\t\t\t\t<\/div>\n\t\t<\/div>\n\t\t\t\t\t<\/div>\n\t\t<\/section>\n\t\t\t\t<section class=\"elementor-section elementor-top-section elementor-element elementor-element-ca305fe elementor-section-boxed elementor-section-height-default elementor-section-height-default\" data-id=\"ca305fe\" data-element_type=\"section\">\n\t\t\t\t\t\t<div class=\"elementor-container elementor-column-gap-default\">\n\t\t\t\t\t<div class=\"elementor-column elementor-col-100 elementor-top-column elementor-element elementor-element-c1e85ed\" data-id=\"c1e85ed\" data-element_type=\"column\">\n\t\t\t<div class=\"elementor-widget-wrap elementor-element-populated\">\n\t\t\t\t\t\t<div class=\"elementor-element elementor-element-9b9200e elementor-widget elementor-widget-text-editor\" data-id=\"9b9200e\" data-element_type=\"widget\" data-widget_type=\"text-editor.default\">\n\t\t\t\t<div class=\"elementor-widget-container\">\n\t\t\t\t\t\t\t\t\t<p><span style=\"text-decoration: underline; color: #0000ff;\"><a style=\"color: #0000ff;\" href=\"https:\/\/improvizafond.fr\/wp-content\/uploads\/2025\/06\/fiche-adhesion-IAF-2025-26.pdf\" target=\"_blank\" rel=\"noopener\">Fiche d&rsquo;adh\u00e9sion<\/a><\/span><\/p><p><span style=\"color: #0000ff;\"><a style=\"color: #0000ff;\" href=\"https:\/\/improvizafond.fr\/wp-content\/uploads\/2024\/07\/RI-IAF-15062024.pdf\" target=\"_blank\" rel=\"noopener\"><span style=\"text-decoration: underline;\">R\u00e8glement int\u00e9rieur de l&rsquo;association<\/span><\/a><\/span><\/p><p><a href=\"https:\/\/improvizafond.fr\/wp-content\/uploads\/2022\/07\/Statuts-2.0-au-13\uf02206\uf0222021.pdf\" target=\"_blank\" rel=\"noopener\"><span style=\"text-decoration: underline;\"><span style=\"color: #0000ff; text-decoration: underline;\">Statuts de l&rsquo;association<\/span><\/span><\/a><\/p><p><a href=\"https:\/\/improvizafond.fr\/wp-content\/uploads\/2023\/09\/Charte-vivre-ensemble-IAF-2023-24.pdf\"><span style=\"text-decoration: underline;\"><span style=\"color: #0000ff; text-decoration: underline;\">Charte du bien vivre ensemble<\/span><\/span><\/a><\/p>\t\t\t\t\t\t\t\t<\/div>\n\t\t\t\t<\/div>\n\t\t\t\t\t<\/div>\n\t\t<\/div>\n\t\t\t\t\t<\/div>\n\t\t<\/section>\n\t\t\t\t<section class=\"elementor-section elementor-top-section elementor-element elementor-element-30097b0 elementor-section-boxed elementor-section-height-default elementor-section-height-default\" data-id=\"30097b0\" data-element_type=\"section\">\n\t\t\t\t\t\t<div class=\"elementor-container elementor-column-gap-default\">\n\t\t\t\t\t<div class=\"elementor-column elementor-col-100 elementor-top-column elementor-element elementor-element-0ec16fa\" data-id=\"0ec16fa\" data-element_type=\"column\">\n\t\t\t<div class=\"elementor-widget-wrap elementor-element-populated\">\n\t\t\t\t\t\t<div class=\"elementor-element elementor-element-cc10d9e elementor-widget elementor-widget-spacer\" data-id=\"cc10d9e\" data-element_type=\"widget\" data-widget_type=\"spacer.default\">\n\t\t\t\t<div class=\"elementor-widget-container\">\n\t\t\t\t\t\t\t<div class=\"elementor-spacer\">\n\t\t\t<div class=\"elementor-spacer-inner\"><\/div>\n\t\t<\/div>\n\t\t\t\t\t\t<\/div>\n\t\t\t\t<\/div>\n\t\t\t\t\t<\/div>\n\t\t<\/div>\n\t\t\t\t\t<\/div>\n\t\t<\/section>\n\t\t\t\t<\/div>\n\t\t","protected":false},"excerpt":{"rendered":"<p>Fiche d&rsquo;adh\u00e9sion R\u00e8glement int\u00e9rieur de l&rsquo;association Statuts de l&rsquo;association Charte du bien vivre ensemble<\/p>\n","protected":false},"author":1,"featured_media":1448,"parent":0,"menu_order":0,"comment_status":"closed","ping_status":"closed","template":"","meta":{"footnotes":""},"yoast_head":"<!-- This site is optimized with the Yoast SEO plugin v24.5 - https:\/\/yoast.com\/wordpress\/plugins\/seo\/ -->\n<title>T\u00e9l\u00e9chargements - ImprovizaFond<\/title>\n<meta name=\"description\" content=\"t\u00e9l\u00e9chargements. Statuts, r\u00e8glement int\u00e9rieur, fiche d&#039;adh\u00e9sion, retrouver tous les \u00e9l\u00e9ments \u00e0 t\u00e9l\u00e9charger.\" \/>\n<meta name=\"robots\" content=\"index, follow, max-snippet:-1, max-image-preview:large, max-video-preview:-1\" \/>\n<link rel=\"canonical\" href=\"https:\/\/improvizafond.fr\/?page_id=753\" \/>\n<meta property=\"og:locale\" content=\"fr_FR\" \/>\n<meta property=\"og:type\" content=\"article\" \/>\n<meta property=\"og:title\" content=\"T\u00e9l\u00e9chargements - ImprovizaFond\" \/>\n<meta property=\"og:description\" content=\"t\u00e9l\u00e9chargements. Statuts, r\u00e8glement int\u00e9rieur, fiche d&#039;adh\u00e9sion, retrouver tous les \u00e9l\u00e9ments \u00e0 t\u00e9l\u00e9charger.\" \/>\n<meta property=\"og:url\" content=\"https:\/\/improvizafond.fr\/?page_id=753\" \/>\n<meta property=\"og:site_name\" content=\"ImprovizaFond\" \/>\n<meta property=\"article:modified_time\" content=\"2025-06-27T13:17:47+00:00\" \/>\n<meta property=\"og:image\" content=\"https:\/\/improvizafond.fr\/wp-content\/uploads\/2022\/07\/pexels-miguel-a\u0301-padrin\u0303a\u0301n-2882550-scaled.jpg\" \/>\n\t<meta property=\"og:image:width\" content=\"2560\" \/>\n\t<meta property=\"og:image:height\" content=\"1702\" \/>\n\t<meta property=\"og:image:type\" content=\"image\/jpeg\" \/>\n<meta name=\"twitter:card\" content=\"summary_large_image\" \/>\n<meta name=\"twitter:label1\" content=\"Dur\u00e9e de lecture estim\u00e9e\" \/>\n\t<meta name=\"twitter:data1\" content=\"1 minute\" \/>\n<script type=\"application\/ld+json\" class=\"yoast-schema-graph\">{\"@context\":\"https:\/\/schema.org\",\"@graph\":[{\"@type\":\"WebPage\",\"@id\":\"https:\/\/improvizafond.fr\/?page_id=753\",\"url\":\"https:\/\/improvizafond.fr\/?page_id=753\",\"name\":\"T\u00e9l\u00e9chargements - ImprovizaFond\",\"isPartOf\":{\"@id\":\"https:\/\/improvizafond.fr\/#website\"},\"primaryImageOfPage\":{\"@id\":\"https:\/\/improvizafond.fr\/?page_id=753#primaryimage\"},\"image\":{\"@id\":\"https:\/\/improvizafond.fr\/?page_id=753#primaryimage\"},\"thumbnailUrl\":\"https:\/\/improvizafond.fr\/wp-content\/uploads\/2022\/07\/pexels-miguel-a\u0301-padrin\u0303a\u0301n-2882550-scaled.jpg\",\"datePublished\":\"2022-07-16T08:55:11+00:00\",\"dateModified\":\"2025-06-27T13:17:47+00:00\",\"description\":\"t\u00e9l\u00e9chargements. Statuts, r\u00e8glement int\u00e9rieur, fiche d'adh\u00e9sion, retrouver tous les \u00e9l\u00e9ments \u00e0 t\u00e9l\u00e9charger.\",\"breadcrumb\":{\"@id\":\"https:\/\/improvizafond.fr\/?page_id=753#breadcrumb\"},\"inLanguage\":\"fr-FR\",\"potentialAction\":[{\"@type\":\"ReadAction\",\"target\":[\"https:\/\/improvizafond.fr\/?page_id=753\"]}]},{\"@type\":\"ImageObject\",\"inLanguage\":\"fr-FR\",\"@id\":\"https:\/\/improvizafond.fr\/?page_id=753#primaryimage\",\"url\":\"https:\/\/improvizafond.fr\/wp-content\/uploads\/2022\/07\/pexels-miguel-a\u0301-padrin\u0303a\u0301n-2882550-scaled.jpg\",\"contentUrl\":\"https:\/\/improvizafond.fr\/wp-content\/uploads\/2022\/07\/pexels-miguel-a\u0301-padrin\u0303a\u0301n-2882550-scaled.jpg\",\"width\":2560,\"height\":1702,\"caption\":\"t\u00e9l\u00e9chargements\"},{\"@type\":\"BreadcrumbList\",\"@id\":\"https:\/\/improvizafond.fr\/?page_id=753#breadcrumb\",\"itemListElement\":[{\"@type\":\"ListItem\",\"position\":1,\"name\":\"Accueil\",\"item\":\"https:\/\/improvizafond.fr\/\"},{\"@type\":\"ListItem\",\"position\":2,\"name\":\"T\u00e9l\u00e9chargements\"}]},{\"@type\":\"WebSite\",\"@id\":\"https:\/\/improvizafond.fr\/#website\",\"url\":\"https:\/\/improvizafond.fr\/\",\"name\":\"ImprovizaFond\",\"description\":\"Improvise ta vie!\",\"publisher\":{\"@id\":\"https:\/\/improvizafond.fr\/#organization\"},\"potentialAction\":[{\"@type\":\"SearchAction\",\"target\":{\"@type\":\"EntryPoint\",\"urlTemplate\":\"https:\/\/improvizafond.fr\/?s={search_term_string}\"},\"query-input\":{\"@type\":\"PropertyValueSpecification\",\"valueRequired\":true,\"valueName\":\"search_term_string\"}}],\"inLanguage\":\"fr-FR\"},{\"@type\":\"Organization\",\"@id\":\"https:\/\/improvizafond.fr\/#organization\",\"name\":\"ImprovizaFond\",\"url\":\"https:\/\/improvizafond.fr\/\",\"logo\":{\"@type\":\"ImageObject\",\"inLanguage\":\"fr-FR\",\"@id\":\"https:\/\/improvizafond.fr\/#\/schema\/logo\/image\/\",\"url\":\"https:\/\/improvizafond.fr\/wp-content\/uploads\/2022\/07\/cropped-IAF_Logo_V3-2-1.png\",\"contentUrl\":\"https:\/\/improvizafond.fr\/wp-content\/uploads\/2022\/07\/cropped-IAF_Logo_V3-2-1.png\",\"width\":3508,\"height\":2481,\"caption\":\"ImprovizaFond\"},\"image\":{\"@id\":\"https:\/\/improvizafond.fr\/#\/schema\/logo\/image\/\"}}]}<\/script>\n<!-- \/ Yoast SEO plugin. -->","yoast_head_json":{"title":"T\u00e9l\u00e9chargements - ImprovizaFond","description":"t\u00e9l\u00e9chargements. Statuts, r\u00e8glement int\u00e9rieur, fiche d'adh\u00e9sion, retrouver tous les \u00e9l\u00e9ments \u00e0 t\u00e9l\u00e9charger.","robots":{"index":"index","follow":"follow","max-snippet":"max-snippet:-1","max-image-preview":"max-image-preview:large","max-video-preview":"max-video-preview:-1"},"canonical":"https:\/\/improvizafond.fr\/?page_id=753","og_locale":"fr_FR","og_type":"article","og_title":"T\u00e9l\u00e9chargements - ImprovizaFond","og_description":"t\u00e9l\u00e9chargements. Statuts, r\u00e8glement int\u00e9rieur, fiche d'adh\u00e9sion, retrouver tous les \u00e9l\u00e9ments \u00e0 t\u00e9l\u00e9charger.","og_url":"https:\/\/improvizafond.fr\/?page_id=753","og_site_name":"ImprovizaFond","article_modified_time":"2025-06-27T13:17:47+00:00","og_image":[{"width":2560,"height":1702,"url":"https:\/\/improvizafond.fr\/wp-content\/uploads\/2022\/07\/pexels-miguel-a\u0301-padrin\u0303a\u0301n-2882550-scaled.jpg","type":"image\/jpeg"}],"twitter_card":"summary_large_image","twitter_misc":{"Dur\u00e9e de lecture estim\u00e9e":"1 minute"},"schema":{"@context":"https:\/\/schema.org","@graph":[{"@type":"WebPage","@id":"https:\/\/improvizafond.fr\/?page_id=753","url":"https:\/\/improvizafond.fr\/?page_id=753","name":"T\u00e9l\u00e9chargements - ImprovizaFond","isPartOf":{"@id":"https:\/\/improvizafond.fr\/#website"},"primaryImageOfPage":{"@id":"https:\/\/improvizafond.fr\/?page_id=753#primaryimage"},"image":{"@id":"https:\/\/improvizafond.fr\/?page_id=753#primaryimage"},"thumbnailUrl":"https:\/\/improvizafond.fr\/wp-content\/uploads\/2022\/07\/pexels-miguel-a\u0301-padrin\u0303a\u0301n-2882550-scaled.jpg","datePublished":"2022-07-16T08:55:11+00:00","dateModified":"2025-06-27T13:17:47+00:00","description":"t\u00e9l\u00e9chargements. Statuts, r\u00e8glement int\u00e9rieur, fiche d'adh\u00e9sion, retrouver tous les \u00e9l\u00e9ments \u00e0 t\u00e9l\u00e9charger.","breadcrumb":{"@id":"https:\/\/improvizafond.fr\/?page_id=753#breadcrumb"},"inLanguage":"fr-FR","potentialAction":[{"@type":"ReadAction","target":["https:\/\/improvizafond.fr\/?page_id=753"]}]},{"@type":"ImageObject","inLanguage":"fr-FR","@id":"https:\/\/improvizafond.fr\/?page_id=753#primaryimage","url":"https:\/\/improvizafond.fr\/wp-content\/uploads\/2022\/07\/pexels-miguel-a\u0301-padrin\u0303a\u0301n-2882550-scaled.jpg","contentUrl":"https:\/\/improvizafond.fr\/wp-content\/uploads\/2022\/07\/pexels-miguel-a\u0301-padrin\u0303a\u0301n-2882550-scaled.jpg","width":2560,"height":1702,"caption":"t\u00e9l\u00e9chargements"},{"@type":"BreadcrumbList","@id":"https:\/\/improvizafond.fr\/?page_id=753#breadcrumb","itemListElement":[{"@type":"ListItem","position":1,"name":"Accueil","item":"https:\/\/improvizafond.fr\/"},{"@type":"ListItem","position":2,"name":"T\u00e9l\u00e9chargements"}]},{"@type":"WebSite","@id":"https:\/\/improvizafond.fr\/#website","url":"https:\/\/improvizafond.fr\/","name":"ImprovizaFond","description":"Improvise ta vie!","publisher":{"@id":"https:\/\/improvizafond.fr\/#organization"},"potentialAction":[{"@type":"SearchAction","target":{"@type":"EntryPoint","urlTemplate":"https:\/\/improvizafond.fr\/?s={search_term_string}"},"query-input":{"@type":"PropertyValueSpecification","valueRequired":true,"valueName":"search_term_string"}}],"inLanguage":"fr-FR"},{"@type":"Organization","@id":"https:\/\/improvizafond.fr\/#organization","name":"ImprovizaFond","url":"https:\/\/improvizafond.fr\/","logo":{"@type":"ImageObject","inLanguage":"fr-FR","@id":"https:\/\/improvizafond.fr\/#\/schema\/logo\/image\/","url":"https:\/\/improvizafond.fr\/wp-content\/uploads\/2022\/07\/cropped-IAF_Logo_V3-2-1.png","contentUrl":"https:\/\/improvizafond.fr\/wp-content\/uploads\/2022\/07\/cropped-IAF_Logo_V3-2-1.png","width":3508,"height":2481,"caption":"ImprovizaFond"},"image":{"@id":"https:\/\/improvizafond.fr\/#\/schema\/logo\/image\/"}}]}},"_links":{"self":[{"href":"https:\/\/improvizafond.fr\/index.php?rest_route=\/wp\/v2\/pages\/753"}],"collection":[{"href":"https:\/\/improvizafond.fr\/index.php?rest_route=\/wp\/v2\/pages"}],"about":[{"href":"https:\/\/improvizafond.fr\/index.php?rest_route=\/wp\/v2\/types\/page"}],"author":[{"embeddable":true,"href":"https:\/\/improvizafond.fr\/index.php?rest_route=\/wp\/v2\/users\/1"}],"replies":[{"embeddable":true,"href":"https:\/\/improvizafond.fr\/index.php?rest_route=%2Fwp%2Fv2%2Fcomments&post=753"}],"version-history":[{"count":52,"href":"https:\/\/improvizafond.fr\/index.php?rest_route=\/wp\/v2\/pages\/753\/revisions"}],"predecessor-version":[{"id":3067,"href":"https:\/\/improvizafond.fr\/index.php?rest_route=\/wp\/v2\/pages\/753\/revisions\/3067"}],"wp:featuredmedia":[{"embeddable":true,"href":"https:\/\/improvizafond.fr\/index.php?rest_route=\/wp\/v2\/media\/1448"}],"wp:attachment":[{"href":"https:\/\/improvizafond.fr\/index.php?rest_route=%2Fwp%2Fv2%2Fmedia&parent=753"}],"curies":[{"name":"wp","href":"https:\/\/api.w.org\/{rel}","templated":true}]}}