{"id":2123,"date":"2023-04-10T20:35:14","date_gmt":"2023-04-10T20:35:14","guid":{"rendered":"https:\/\/improvizafond.fr\/?page_id=2123"},"modified":"2023-04-10T20:37:55","modified_gmt":"2023-04-10T20:37:55","slug":"one-shot","status":"publish","type":"page","link":"https:\/\/improvizafond.fr\/?page_id=2123","title":{"rendered":"One shot !"},"content":{"rendered":"\t\t<div data-elementor-type=\"wp-page\" data-elementor-id=\"2123\" class=\"elementor elementor-2123\">\n\t\t\t\t\t\t<section class=\"elementor-section elementor-top-section elementor-element elementor-element-289f1305 elementor-section-boxed elementor-section-height-default elementor-section-height-default\" data-id=\"289f1305\" data-element_type=\"section\">\n\t\t\t\t\t\t<div class=\"elementor-container elementor-column-gap-default\">\n\t\t\t\t\t<div class=\"elementor-column elementor-col-100 elementor-top-column elementor-element elementor-element-1d5058e3\" data-id=\"1d5058e3\" data-element_type=\"column\">\n\t\t\t<div class=\"elementor-widget-wrap elementor-element-populated\">\n\t\t\t\t\t\t<div class=\"elementor-element elementor-element-76a5b20d elementor-widget elementor-widget-text-editor\" data-id=\"76a5b20d\" data-element_type=\"widget\" data-widget_type=\"text-editor.default\">\n\t\t\t\t<div class=\"elementor-widget-container\">\n\t\t\t\t\t\t\t\t\t\n<p>One shot!\/ spectacle improvis\u00e9<\/p>\n\t\t\t\t\t\t\t\t<\/div>\n\t\t\t\t<\/div>\n\t\t\t\t\t<\/div>\n\t\t<\/div>\n\t\t\t\t\t<\/div>\n\t\t<\/section>\n\t\t\t\t<section class=\"elementor-section elementor-top-section elementor-element elementor-element-49a82a1 elementor-section-boxed elementor-section-height-default elementor-section-height-default\" data-id=\"49a82a1\" data-element_type=\"section\">\n\t\t\t\t\t\t<div class=\"elementor-container elementor-column-gap-default\">\n\t\t\t\t\t<div class=\"elementor-column elementor-col-100 elementor-top-column elementor-element elementor-element-0b9b29a\" data-id=\"0b9b29a\" data-element_type=\"column\">\n\t\t\t<div class=\"elementor-widget-wrap elementor-element-populated\">\n\t\t\t\t\t\t<div class=\"elementor-element elementor-element-d588878 elementor-arrows-position-inside elementor-pagination-position-outside elementor-widget elementor-widget-image-carousel\" data-id=\"d588878\" data-element_type=\"widget\" data-settings=\"{&quot;navigation&quot;:&quot;both&quot;,&quot;autoplay&quot;:&quot;yes&quot;,&quot;pause_on_hover&quot;:&quot;yes&quot;,&quot;pause_on_interaction&quot;:&quot;yes&quot;,&quot;autoplay_speed&quot;:5000,&quot;infinite&quot;:&quot;yes&quot;,&quot;speed&quot;:500}\" data-widget_type=\"image-carousel.default\">\n\t\t\t\t<div class=\"elementor-widget-container\">\n\t\t\t\t\t\t\t<div class=\"elementor-image-carousel-wrapper swiper\" role=\"region\" aria-roledescription=\"carousel\" aria-label=\"Carrousel d\u2019images\" dir=\"ltr\">\n\t\t\t<div class=\"elementor-image-carousel swiper-wrapper\" aria-live=\"off\">\n\t\t\t\t\t\t\t\t<div class=\"swiper-slide\" role=\"group\" aria-roledescription=\"slide\" aria-label=\"1 sur 14\"><figure class=\"swiper-slide-inner\"><img decoding=\"async\" class=\"swiper-slide-image\" src=\"https:\/\/improvizafond.fr\/wp-content\/uploads\/2023\/04\/DSC7377_DxO-600x600.jpg\" alt=\"_DSC7377_DxO\" \/><\/figure><\/div><div class=\"swiper-slide\" role=\"group\" aria-roledescription=\"slide\" aria-label=\"2 sur 14\"><figure class=\"swiper-slide-inner\"><img decoding=\"async\" class=\"swiper-slide-image\" src=\"https:\/\/improvizafond.fr\/wp-content\/uploads\/2023\/04\/DSC7399_DxO-600x600.jpg\" alt=\"_DSC7399_DxO\" \/><\/figure><\/div><div class=\"swiper-slide\" role=\"group\" aria-roledescription=\"slide\" aria-label=\"3 sur 14\"><figure class=\"swiper-slide-inner\"><img decoding=\"async\" class=\"swiper-slide-image\" src=\"https:\/\/improvizafond.fr\/wp-content\/uploads\/2023\/04\/DSC7539_DxO-600x600.jpg\" alt=\"_DSC7539_DxO\" \/><\/figure><\/div><div class=\"swiper-slide\" role=\"group\" aria-roledescription=\"slide\" aria-label=\"4 sur 14\"><figure class=\"swiper-slide-inner\"><img decoding=\"async\" class=\"swiper-slide-image\" src=\"https:\/\/improvizafond.fr\/wp-content\/uploads\/2023\/04\/DSC7545_DxO-600x600.jpg\" alt=\"_DSC7545_DxO\" \/><\/figure><\/div><div class=\"swiper-slide\" role=\"group\" aria-roledescription=\"slide\" aria-label=\"5 sur 14\"><figure class=\"swiper-slide-inner\"><img decoding=\"async\" class=\"swiper-slide-image\" src=\"https:\/\/improvizafond.fr\/wp-content\/uploads\/2023\/04\/DSC7594_DxO-600x600.jpg\" alt=\"_DSC7594_DxO\" \/><\/figure><\/div><div class=\"swiper-slide\" role=\"group\" aria-roledescription=\"slide\" aria-label=\"6 sur 14\"><figure class=\"swiper-slide-inner\"><img decoding=\"async\" class=\"swiper-slide-image\" src=\"https:\/\/improvizafond.fr\/wp-content\/uploads\/2023\/04\/DSC7620_DxO-600x600.jpg\" alt=\"_DSC7620_DxO\" \/><\/figure><\/div><div class=\"swiper-slide\" role=\"group\" aria-roledescription=\"slide\" aria-label=\"7 sur 14\"><figure class=\"swiper-slide-inner\"><img decoding=\"async\" class=\"swiper-slide-image\" src=\"https:\/\/improvizafond.fr\/wp-content\/uploads\/2023\/04\/DSC7639_DxO-600x600.jpg\" alt=\"_DSC7639_DxO\" \/><\/figure><\/div><div class=\"swiper-slide\" role=\"group\" aria-roledescription=\"slide\" aria-label=\"8 sur 14\"><figure class=\"swiper-slide-inner\"><img decoding=\"async\" class=\"swiper-slide-image\" src=\"https:\/\/improvizafond.fr\/wp-content\/uploads\/2023\/04\/DSC7652_DxO-600x600.jpg\" alt=\"_DSC7652_DxO\" \/><\/figure><\/div><div class=\"swiper-slide\" role=\"group\" aria-roledescription=\"slide\" aria-label=\"9 sur 14\"><figure class=\"swiper-slide-inner\"><img decoding=\"async\" class=\"swiper-slide-image\" src=\"https:\/\/improvizafond.fr\/wp-content\/uploads\/2023\/04\/DSC7751_DxO-600x600.jpg\" alt=\"_DSC7751_DxO\" \/><\/figure><\/div><div class=\"swiper-slide\" role=\"group\" aria-roledescription=\"slide\" aria-label=\"10 sur 14\"><figure class=\"swiper-slide-inner\"><img decoding=\"async\" class=\"swiper-slide-image\" src=\"https:\/\/improvizafond.fr\/wp-content\/uploads\/2023\/04\/DSC7797_DxO-600x600.jpg\" alt=\"_DSC7797_DxO\" \/><\/figure><\/div><div class=\"swiper-slide\" role=\"group\" aria-roledescription=\"slide\" aria-label=\"11 sur 14\"><figure class=\"swiper-slide-inner\"><img decoding=\"async\" class=\"swiper-slide-image\" src=\"https:\/\/improvizafond.fr\/wp-content\/uploads\/2023\/04\/DSC7799_DxO-600x600.jpg\" alt=\"_DSC7799_DxO\" \/><\/figure><\/div><div class=\"swiper-slide\" role=\"group\" aria-roledescription=\"slide\" aria-label=\"12 sur 14\"><figure class=\"swiper-slide-inner\"><img decoding=\"async\" class=\"swiper-slide-image\" src=\"https:\/\/improvizafond.fr\/wp-content\/uploads\/2023\/04\/DSC7836_DxO-600x600.jpg\" alt=\"_DSC7836_DxO\" \/><\/figure><\/div><div class=\"swiper-slide\" role=\"group\" aria-roledescription=\"slide\" aria-label=\"13 sur 14\"><figure class=\"swiper-slide-inner\"><img decoding=\"async\" class=\"swiper-slide-image\" src=\"https:\/\/improvizafond.fr\/wp-content\/uploads\/2023\/04\/DSC7842_DxO-600x600.jpg\" alt=\"_DSC7842_DxO\" \/><\/figure><\/div><div class=\"swiper-slide\" role=\"group\" aria-roledescription=\"slide\" aria-label=\"14 sur 14\"><figure class=\"swiper-slide-inner\"><img decoding=\"async\" class=\"swiper-slide-image\" src=\"https:\/\/improvizafond.fr\/wp-content\/uploads\/2023\/04\/DSC7892_DxO-600x600.jpg\" alt=\"_DSC7892_DxO\" \/><\/figure><\/div>\t\t\t<\/div>\n\t\t\t\t\t\t\t\t\t\t\t\t<div class=\"elementor-swiper-button elementor-swiper-button-prev\" role=\"button\" tabindex=\"0\">\n\t\t\t\t\t\t<i aria-hidden=\"true\" class=\"eicon-chevron-left\"><\/i>\t\t\t\t\t<\/div>\n\t\t\t\t\t<div class=\"elementor-swiper-button elementor-swiper-button-next\" role=\"button\" tabindex=\"0\">\n\t\t\t\t\t\t<i aria-hidden=\"true\" class=\"eicon-chevron-right\"><\/i>\t\t\t\t\t<\/div>\n\t\t\t\t\n\t\t\t\t\t\t\t\t\t<div class=\"swiper-pagination\"><\/div>\n\t\t\t\t\t\t\t\t\t<\/div>\n\t\t\t\t\t\t<\/div>\n\t\t\t\t<\/div>\n\t\t\t\t\t<\/div>\n\t\t<\/div>\n\t\t\t\t\t<\/div>\n\t\t<\/section>\n\t\t\t\t<\/div>\n\t\t","protected":false},"excerpt":{"rendered":"<p>One shot!\/ spectacle improvis\u00e9 Pr\u00e9c\u00e9dent Suivant<\/p>\n","protected":false},"author":1,"featured_media":2119,"parent":0,"menu_order":0,"comment_status":"closed","ping_status":"closed","template":"","meta":{"footnotes":""},"yoast_head":"<!-- This site is optimized with the Yoast SEO plugin v24.5 - https:\/\/yoast.com\/wordpress\/plugins\/seo\/ -->\n<title>One shot ! - ImprovizaFond<\/title>\n<meta name=\"robots\" content=\"index, follow, max-snippet:-1, max-image-preview:large, max-video-preview:-1\" \/>\n<link rel=\"canonical\" href=\"https:\/\/improvizafond.fr\/?page_id=2123\" \/>\n<meta property=\"og:locale\" content=\"fr_FR\" \/>\n<meta property=\"og:type\" content=\"article\" \/>\n<meta property=\"og:title\" content=\"One shot ! - ImprovizaFond\" \/>\n<meta property=\"og:description\" content=\"One shot!\/ spectacle improvis\u00e9 Pr\u00e9c\u00e9dent Suivant\" \/>\n<meta property=\"og:url\" content=\"https:\/\/improvizafond.fr\/?page_id=2123\" \/>\n<meta property=\"og:site_name\" content=\"ImprovizaFond\" \/>\n<meta property=\"article:modified_time\" content=\"2023-04-10T20:37:55+00:00\" \/>\n<meta property=\"og:image\" content=\"https:\/\/improvizafond.fr\/wp-content\/uploads\/2023\/04\/publi-One-shot-.png\" \/>\n\t<meta property=\"og:image:width\" content=\"980\" \/>\n\t<meta property=\"og:image:height\" content=\"735\" \/>\n\t<meta property=\"og:image:type\" content=\"image\/png\" \/>\n<meta name=\"twitter:card\" content=\"summary_large_image\" \/>\n<meta name=\"twitter:label1\" content=\"Dur\u00e9e de lecture estim\u00e9e\" \/>\n\t<meta name=\"twitter:data1\" content=\"5 minutes\" \/>\n<script type=\"application\/ld+json\" class=\"yoast-schema-graph\">{\"@context\":\"https:\/\/schema.org\",\"@graph\":[{\"@type\":\"WebPage\",\"@id\":\"https:\/\/improvizafond.fr\/?page_id=2123\",\"url\":\"https:\/\/improvizafond.fr\/?page_id=2123\",\"name\":\"One shot ! - ImprovizaFond\",\"isPartOf\":{\"@id\":\"https:\/\/improvizafond.fr\/#website\"},\"primaryImageOfPage\":{\"@id\":\"https:\/\/improvizafond.fr\/?page_id=2123#primaryimage\"},\"image\":{\"@id\":\"https:\/\/improvizafond.fr\/?page_id=2123#primaryimage\"},\"thumbnailUrl\":\"https:\/\/improvizafond.fr\/wp-content\/uploads\/2023\/04\/publi-One-shot-.png\",\"datePublished\":\"2023-04-10T20:35:14+00:00\",\"dateModified\":\"2023-04-10T20:37:55+00:00\",\"breadcrumb\":{\"@id\":\"https:\/\/improvizafond.fr\/?page_id=2123#breadcrumb\"},\"inLanguage\":\"fr-FR\",\"potentialAction\":[{\"@type\":\"ReadAction\",\"target\":[\"https:\/\/improvizafond.fr\/?page_id=2123\"]}]},{\"@type\":\"ImageObject\",\"inLanguage\":\"fr-FR\",\"@id\":\"https:\/\/improvizafond.fr\/?page_id=2123#primaryimage\",\"url\":\"https:\/\/improvizafond.fr\/wp-content\/uploads\/2023\/04\/publi-One-shot-.png\",\"contentUrl\":\"https:\/\/improvizafond.fr\/wp-content\/uploads\/2023\/04\/publi-One-shot-.png\",\"width\":980,\"height\":735},{\"@type\":\"BreadcrumbList\",\"@id\":\"https:\/\/improvizafond.fr\/?page_id=2123#breadcrumb\",\"itemListElement\":[{\"@type\":\"ListItem\",\"position\":1,\"name\":\"Accueil\",\"item\":\"https:\/\/improvizafond.fr\/\"},{\"@type\":\"ListItem\",\"position\":2,\"name\":\"One shot !\"}]},{\"@type\":\"WebSite\",\"@id\":\"https:\/\/improvizafond.fr\/#website\",\"url\":\"https:\/\/improvizafond.fr\/\",\"name\":\"ImprovizaFond\",\"description\":\"Improvise ta vie!\",\"publisher\":{\"@id\":\"https:\/\/improvizafond.fr\/#organization\"},\"potentialAction\":[{\"@type\":\"SearchAction\",\"target\":{\"@type\":\"EntryPoint\",\"urlTemplate\":\"https:\/\/improvizafond.fr\/?s={search_term_string}\"},\"query-input\":{\"@type\":\"PropertyValueSpecification\",\"valueRequired\":true,\"valueName\":\"search_term_string\"}}],\"inLanguage\":\"fr-FR\"},{\"@type\":\"Organization\",\"@id\":\"https:\/\/improvizafond.fr\/#organization\",\"name\":\"ImprovizaFond\",\"url\":\"https:\/\/improvizafond.fr\/\",\"logo\":{\"@type\":\"ImageObject\",\"inLanguage\":\"fr-FR\",\"@id\":\"https:\/\/improvizafond.fr\/#\/schema\/logo\/image\/\",\"url\":\"https:\/\/improvizafond.fr\/wp-content\/uploads\/2022\/07\/cropped-IAF_Logo_V3-2-1.png\",\"contentUrl\":\"https:\/\/improvizafond.fr\/wp-content\/uploads\/2022\/07\/cropped-IAF_Logo_V3-2-1.png\",\"width\":3508,\"height\":2481,\"caption\":\"ImprovizaFond\"},\"image\":{\"@id\":\"https:\/\/improvizafond.fr\/#\/schema\/logo\/image\/\"}}]}<\/script>\n<!-- \/ Yoast SEO plugin. -->","yoast_head_json":{"title":"One shot ! - ImprovizaFond","robots":{"index":"index","follow":"follow","max-snippet":"max-snippet:-1","max-image-preview":"max-image-preview:large","max-video-preview":"max-video-preview:-1"},"canonical":"https:\/\/improvizafond.fr\/?page_id=2123","og_locale":"fr_FR","og_type":"article","og_title":"One shot ! - ImprovizaFond","og_description":"One shot!\/ spectacle improvis\u00e9 Pr\u00e9c\u00e9dent Suivant","og_url":"https:\/\/improvizafond.fr\/?page_id=2123","og_site_name":"ImprovizaFond","article_modified_time":"2023-04-10T20:37:55+00:00","og_image":[{"width":980,"height":735,"url":"https:\/\/improvizafond.fr\/wp-content\/uploads\/2023\/04\/publi-One-shot-.png","type":"image\/png"}],"twitter_card":"summary_large_image","twitter_misc":{"Dur\u00e9e de lecture estim\u00e9e":"5 minutes"},"schema":{"@context":"https:\/\/schema.org","@graph":[{"@type":"WebPage","@id":"https:\/\/improvizafond.fr\/?page_id=2123","url":"https:\/\/improvizafond.fr\/?page_id=2123","name":"One shot ! - ImprovizaFond","isPartOf":{"@id":"https:\/\/improvizafond.fr\/#website"},"primaryImageOfPage":{"@id":"https:\/\/improvizafond.fr\/?page_id=2123#primaryimage"},"image":{"@id":"https:\/\/improvizafond.fr\/?page_id=2123#primaryimage"},"thumbnailUrl":"https:\/\/improvizafond.fr\/wp-content\/uploads\/2023\/04\/publi-One-shot-.png","datePublished":"2023-04-10T20:35:14+00:00","dateModified":"2023-04-10T20:37:55+00:00","breadcrumb":{"@id":"https:\/\/improvizafond.fr\/?page_id=2123#breadcrumb"},"inLanguage":"fr-FR","potentialAction":[{"@type":"ReadAction","target":["https:\/\/improvizafond.fr\/?page_id=2123"]}]},{"@type":"ImageObject","inLanguage":"fr-FR","@id":"https:\/\/improvizafond.fr\/?page_id=2123#primaryimage","url":"https:\/\/improvizafond.fr\/wp-content\/uploads\/2023\/04\/publi-One-shot-.png","contentUrl":"https:\/\/improvizafond.fr\/wp-content\/uploads\/2023\/04\/publi-One-shot-.png","width":980,"height":735},{"@type":"BreadcrumbList","@id":"https:\/\/improvizafond.fr\/?page_id=2123#breadcrumb","itemListElement":[{"@type":"ListItem","position":1,"name":"Accueil","item":"https:\/\/improvizafond.fr\/"},{"@type":"ListItem","position":2,"name":"One shot !"}]},{"@type":"WebSite","@id":"https:\/\/improvizafond.fr\/#website","url":"https:\/\/improvizafond.fr\/","name":"ImprovizaFond","description":"Improvise ta vie!","publisher":{"@id":"https:\/\/improvizafond.fr\/#organization"},"potentialAction":[{"@type":"SearchAction","target":{"@type":"EntryPoint","urlTemplate":"https:\/\/improvizafond.fr\/?s={search_term_string}"},"query-input":{"@type":"PropertyValueSpecification","valueRequired":true,"valueName":"search_term_string"}}],"inLanguage":"fr-FR"},{"@type":"Organization","@id":"https:\/\/improvizafond.fr\/#organization","name":"ImprovizaFond","url":"https:\/\/improvizafond.fr\/","logo":{"@type":"ImageObject","inLanguage":"fr-FR","@id":"https:\/\/improvizafond.fr\/#\/schema\/logo\/image\/","url":"https:\/\/improvizafond.fr\/wp-content\/uploads\/2022\/07\/cropped-IAF_Logo_V3-2-1.png","contentUrl":"https:\/\/improvizafond.fr\/wp-content\/uploads\/2022\/07\/cropped-IAF_Logo_V3-2-1.png","width":3508,"height":2481,"caption":"ImprovizaFond"},"image":{"@id":"https:\/\/improvizafond.fr\/#\/schema\/logo\/image\/"}}]}},"_links":{"self":[{"href":"https:\/\/improvizafond.fr\/index.php?rest_route=\/wp\/v2\/pages\/2123"}],"collection":[{"href":"https:\/\/improvizafond.fr\/index.php?rest_route=\/wp\/v2\/pages"}],"about":[{"href":"https:\/\/improvizafond.fr\/index.php?rest_route=\/wp\/v2\/types\/page"}],"author":[{"embeddable":true,"href":"https:\/\/improvizafond.fr\/index.php?rest_route=\/wp\/v2\/users\/1"}],"replies":[{"embeddable":true,"href":"https:\/\/improvizafond.fr\/index.php?rest_route=%2Fwp%2Fv2%2Fcomments&post=2123"}],"version-history":[{"count":7,"href":"https:\/\/improvizafond.fr\/index.php?rest_route=\/wp\/v2\/pages\/2123\/revisions"}],"predecessor-version":[{"id":2144,"href":"https:\/\/improvizafond.fr\/index.php?rest_route=\/wp\/v2\/pages\/2123\/revisions\/2144"}],"wp:featuredmedia":[{"embeddable":true,"href":"https:\/\/improvizafond.fr\/index.php?rest_route=\/wp\/v2\/media\/2119"}],"wp:attachment":[{"href":"https:\/\/improvizafond.fr\/index.php?rest_route=%2Fwp%2Fv2%2Fmedia&parent=2123"}],"curies":[{"name":"wp","href":"https:\/\/api.w.org\/{rel}","templated":true}]}}